{"id":117,"date":"2014-10-05T15:50:28","date_gmt":"2014-10-05T13:50:28","guid":{"rendered":"http:\/\/vsg-duengen.de\/?page_id=117"},"modified":"2024-09-08T22:51:33","modified_gmt":"2024-09-08T20:51:33","slug":"gogogogogo","status":"publish","type":"page","link":"https:\/\/vsg-duengen.de\/?page_id=117","title":{"rendered":"2. Damen &#8211; Landesliga"},"content":{"rendered":"<p><a href=\"https:\/\/vsg-duengen.de\/wp-content\/uploads\/2024\/02\/2-Damen-Mannschaftsfoto.jpeg\"><img loading=\"lazy\" decoding=\"async\" class=\"wp-image-3096 size-large alignnone\" src=\"https:\/\/vsg-duengen.de\/wp-content\/uploads\/2024\/02\/2-Damen-Mannschaftsfoto-768x1024.jpeg\" alt=\"\" width=\"720\" height=\"960\" srcset=\"https:\/\/vsg-duengen.de\/wp-content\/uploads\/2024\/02\/2-Damen-Mannschaftsfoto-768x1024.jpeg 768w, https:\/\/vsg-duengen.de\/wp-content\/uploads\/2024\/02\/2-Damen-Mannschaftsfoto-225x300.jpeg 225w, https:\/\/vsg-duengen.de\/wp-content\/uploads\/2024\/02\/2-Damen-Mannschaftsfoto-576x768.jpeg 576w, https:\/\/vsg-duengen.de\/wp-content\/uploads\/2024\/02\/2-Damen-Mannschaftsfoto-1152x1536.jpeg 1152w, https:\/\/vsg-duengen.de\/wp-content\/uploads\/2024\/02\/2-Damen-Mannschaftsfoto.jpeg 1200w\" sizes=\"(max-width: 720px) 100vw, 720px\" \/><\/a><\/p>\n<p><strong>Trainingszeit:<\/strong><\/p>\n<p>Montag 20.00 &#8211; 22.00 Uhr &#8211; Birkenweghalle Bad Salzdetfurth<\/p>\n<p>Freitag 19.30 &#8211; 21.30 Uhr &#8211;&nbsp; Turnhalle Gro\u00df D\u00fcngen<\/p>\n<p><strong>Zus\u00e4tzliche Trainingseinheiten (Beach und Halle) nach Absprache!<\/strong><\/p>\n<p><strong>Kontakt:<\/strong> Vanessa Persson (Trainerin)<\/p>\n<p><strong>Mail:<\/strong> vanessapersson@mail.de<\/p>\n<p><strong>Tel.:<\/strong> 0176-62289133<\/p>\n","protected":false},"excerpt":{"rendered":"<p>Trainingszeit: Montag 20.00 &#8211; 22.00 Uhr &#8211; Birkenweghalle Bad Salzdetfurth Freitag 19.30 &#8211; 21.30 Uhr &#8211;&nbsp; Turnhalle Gro\u00df D\u00fcngen Zus\u00e4tzliche Trainingseinheiten (Beach und Halle) nach Absprache! Kontakt: Vanessa Persson (Trainerin) Mail: vanessapersson@mail.de Tel.: 0176-62289133<\/p>\n","protected":false},"author":1,"featured_media":0,"parent":0,"menu_order":0,"comment_status":"closed","ping_status":"closed","template":"","meta":{"footnotes":""},"class_list":["post-117","page","type-page","status-publish","hentry"],"_links":{"self":[{"href":"https:\/\/vsg-duengen.de\/index.php?rest_route=\/wp\/v2\/pages\/117"}],"collection":[{"href":"https:\/\/vsg-duengen.de\/index.php?rest_route=\/wp\/v2\/pages"}],"about":[{"href":"https:\/\/vsg-duengen.de\/index.php?rest_route=\/wp\/v2\/types\/page"}],"author":[{"embeddable":true,"href":"https:\/\/vsg-duengen.de\/index.php?rest_route=\/wp\/v2\/users\/1"}],"replies":[{"embeddable":true,"href":"https:\/\/vsg-duengen.de\/index.php?rest_route=%2Fwp%2Fv2%2Fcomments&post=117"}],"version-history":[{"count":40,"href":"https:\/\/vsg-duengen.de\/index.php?rest_route=\/wp\/v2\/pages\/117\/revisions"}],"predecessor-version":[{"id":3124,"href":"https:\/\/vsg-duengen.de\/index.php?rest_route=\/wp\/v2\/pages\/117\/revisions\/3124"}],"wp:attachment":[{"href":"https:\/\/vsg-duengen.de\/index.php?rest_route=%2Fwp%2Fv2%2Fmedia&parent=117"}],"curies":[{"name":"wp","href":"https:\/\/api.w.org\/{rel}","templated":true}]}}