{"id":153,"date":"2014-10-06T15:47:06","date_gmt":"2014-10-06T13:47:06","guid":{"rendered":"http:\/\/vsg-duengen.de\/?page_id=153"},"modified":"2022-11-11T13:36:00","modified_gmt":"2022-11-11T12:36:00","slug":"hallen","status":"publish","type":"page","link":"https:\/\/vsg-duengen.de\/?page_id=153","title":{"rendered":"Sportst\u00e4tten"},"content":{"rendered":"<p><strong>Turnhalle Gro\u00df D\u00fcngen<\/strong><br \/>\nHildesheimer Str. 8<br \/>\n31162 Bad Salzdetfurth<img loading=\"lazy\" decoding=\"async\" class=\"alignright\" src=\"https:\/\/vsg-duengen.de\/wp-content\/uploads\/2022\/11\/Hall-Gr-Duengen.jpg\" width=\"374\" height=\"250\" \/><\/p>\n<p><strong>Sporthalle Schulzentrum<\/strong><br \/>\nBirkenweg 38<br \/>\n31162 Bad Salzdetfurth<\/p>\n<p><strong>Sporthalle am Mohldberg<\/strong><br \/>\nAm Mohldberg 1<br \/>\n31188 Holle<\/p>\n<h3>&#8212;&#8212;&#8212;&#8212;&#8212;&#8212;&#8212;&#8212;&#8212;&#8212;&#8212;&#8211;<\/h3>\n<p><strong>Beach-Volleyballfeld<\/strong><br \/>\nHildesheimerstr. (Clubhaus) \/ Vor dem Kirschberg<br \/>\n31162 Bad Salzdetfurth<\/p>\n","protected":false},"excerpt":{"rendered":"<p>Turnhalle Gro\u00df D\u00fcngen Hildesheimer Str. 8 31162 Bad Salzdetfurth Sporthalle Schulzentrum Birkenweg 38 31162 Bad Salzdetfurth Sporthalle am Mohldberg Am Mohldberg 1 31188 Holle &#8212;&#8212;&#8212;&#8212;&#8212;&#8212;&#8212;&#8212;&#8212;&#8212;&#8212;&#8211; Beach-Volleyballfeld Hildesheimerstr. (Clubhaus) \/ Vor dem Kirschberg 31162 Bad Salzdetfurth<\/p>\n","protected":false},"author":1,"featured_media":0,"parent":0,"menu_order":0,"comment_status":"closed","ping_status":"closed","template":"","meta":{"footnotes":""},"class_list":["post-153","page","type-page","status-publish","hentry"],"_links":{"self":[{"href":"https:\/\/vsg-duengen.de\/index.php?rest_route=\/wp\/v2\/pages\/153"}],"collection":[{"href":"https:\/\/vsg-duengen.de\/index.php?rest_route=\/wp\/v2\/pages"}],"about":[{"href":"https:\/\/vsg-duengen.de\/index.php?rest_route=\/wp\/v2\/types\/page"}],"author":[{"embeddable":true,"href":"https:\/\/vsg-duengen.de\/index.php?rest_route=\/wp\/v2\/users\/1"}],"replies":[{"embeddable":true,"href":"https:\/\/vsg-duengen.de\/index.php?rest_route=%2Fwp%2Fv2%2Fcomments&post=153"}],"version-history":[{"count":6,"href":"https:\/\/vsg-duengen.de\/index.php?rest_route=\/wp\/v2\/pages\/153\/revisions"}],"predecessor-version":[{"id":3028,"href":"https:\/\/vsg-duengen.de\/index.php?rest_route=\/wp\/v2\/pages\/153\/revisions\/3028"}],"wp:attachment":[{"href":"https:\/\/vsg-duengen.de\/index.php?rest_route=%2Fwp%2Fv2%2Fmedia&parent=153"}],"curies":[{"name":"wp","href":"https:\/\/api.w.org\/{rel}","templated":true}]}}