{"id":1608,"date":"2015-11-24T11:54:32","date_gmt":"2015-11-24T10:54:32","guid":{"rendered":"http:\/\/vsg-duengen.de\/?page_id=1608"},"modified":"2025-12-10T15:19:18","modified_gmt":"2025-12-10T14:19:18","slug":"eintrittserklaerung","status":"publish","type":"page","link":"https:\/\/vsg-duengen.de\/?page_id=1608","title":{"rendered":"Eintrittserkl\u00e4rung"},"content":{"rendered":"<h4 style=\"text-align: center;\">Hier kannst du Deine <a href=\"https:\/\/vsg-duengen.de\/wp-content\/uploads\/2025\/12\/2025-Eintrittserklaerung-SV-Gross-Duengen.pdf\" target=\"_blank\" rel=\"noopener\">Eintrittserkl\u00e4rung<\/a><span style=\"color: #000000;\">\u00a0<\/span>(SV Gro\u00df D\u00fcngen) runterladen um zu uns zu geh\u00f6ren! Nat\u00fcrlich kannst du auch Mitglied beim TUS Holle oder MTV Bodenburg werden, denn #WirSindVSG!<\/h4>\n<h3 style=\"text-align: center;\">\u00a0<a href=\"http:\/\/www.svgrossduengen.de\/sv\/pdf\/eintritt.pdf\" target=\"_blank\" rel=\"http:\/\/www.svgrossduengen.de\/sv\/pdf\/eintritt.pdf noopener\"><img loading=\"lazy\" decoding=\"async\" class=\"aligncenter wp-image-1628 size-large\" src=\"https:\/\/vsg-duengen.de\/wp-content\/uploads\/2015\/02\/12139964_505829219585357_2900157293980753821_o-1024x345.jpg\" alt=\"12139964_505829219585357_2900157293980753821_o\" width=\"720\" height=\"243\" srcset=\"https:\/\/vsg-duengen.de\/wp-content\/uploads\/2015\/02\/12139964_505829219585357_2900157293980753821_o-1024x345.jpg 1024w, https:\/\/vsg-duengen.de\/wp-content\/uploads\/2015\/02\/12139964_505829219585357_2900157293980753821_o-300x101.jpg 300w, https:\/\/vsg-duengen.de\/wp-content\/uploads\/2015\/02\/12139964_505829219585357_2900157293980753821_o-768x259.jpg 768w, https:\/\/vsg-duengen.de\/wp-content\/uploads\/2015\/02\/12139964_505829219585357_2900157293980753821_o.jpg 1239w\" sizes=\"(max-width: 720px) 100vw, 720px\" \/><\/a><\/h3>\n","protected":false},"excerpt":{"rendered":"<p>Hier kannst du Deine Eintrittserkl\u00e4rung\u00a0(SV Gro\u00df D\u00fcngen) runterladen um zu uns zu geh\u00f6ren! Nat\u00fcrlich kannst du auch Mitglied beim TUS Holle oder MTV Bodenburg werden, denn #WirSindVSG! \u00a0<\/p>\n","protected":false},"author":1,"featured_media":0,"parent":0,"menu_order":0,"comment_status":"closed","ping_status":"closed","template":"","meta":{"footnotes":""},"class_list":["post-1608","page","type-page","status-publish","hentry"],"_links":{"self":[{"href":"https:\/\/vsg-duengen.de\/index.php?rest_route=\/wp\/v2\/pages\/1608"}],"collection":[{"href":"https:\/\/vsg-duengen.de\/index.php?rest_route=\/wp\/v2\/pages"}],"about":[{"href":"https:\/\/vsg-duengen.de\/index.php?rest_route=\/wp\/v2\/types\/page"}],"author":[{"embeddable":true,"href":"https:\/\/vsg-duengen.de\/index.php?rest_route=\/wp\/v2\/users\/1"}],"replies":[{"embeddable":true,"href":"https:\/\/vsg-duengen.de\/index.php?rest_route=%2Fwp%2Fv2%2Fcomments&post=1608"}],"version-history":[{"count":11,"href":"https:\/\/vsg-duengen.de\/index.php?rest_route=\/wp\/v2\/pages\/1608\/revisions"}],"predecessor-version":[{"id":3136,"href":"https:\/\/vsg-duengen.de\/index.php?rest_route=\/wp\/v2\/pages\/1608\/revisions\/3136"}],"wp:attachment":[{"href":"https:\/\/vsg-duengen.de\/index.php?rest_route=%2Fwp%2Fv2%2Fmedia&parent=1608"}],"curies":[{"name":"wp","href":"https:\/\/api.w.org\/{rel}","templated":true}]}}