{"id":208,"date":"2014-10-06T13:46:16","date_gmt":"2014-10-06T11:46:16","guid":{"rendered":"http:\/\/vsg-duengen.de\/?page_id=208"},"modified":"2024-02-08T11:46:15","modified_gmt":"2024-02-08T10:46:15","slug":"1-damen","status":"publish","type":"page","link":"https:\/\/vsg-duengen.de\/?page_id=208","title":{"rendered":"3. Damen &#8211; Bezirksklasse"},"content":{"rendered":"<p><a href=\"https:\/\/vsg-duengen.de\/wp-content\/uploads\/2024\/02\/Mannschaftsfoto-3.-Damen.jpg\"><img loading=\"lazy\" decoding=\"async\" class=\"wp-image-3095 size-large alignnone\" src=\"https:\/\/vsg-duengen.de\/wp-content\/uploads\/2024\/02\/Mannschaftsfoto-3.-Damen-1024x1024.jpg\" alt=\"\" width=\"720\" height=\"720\" srcset=\"https:\/\/vsg-duengen.de\/wp-content\/uploads\/2024\/02\/Mannschaftsfoto-3.-Damen-1024x1024.jpg 1024w, https:\/\/vsg-duengen.de\/wp-content\/uploads\/2024\/02\/Mannschaftsfoto-3.-Damen-300x300.jpg 300w, https:\/\/vsg-duengen.de\/wp-content\/uploads\/2024\/02\/Mannschaftsfoto-3.-Damen-150x150.jpg 150w, https:\/\/vsg-duengen.de\/wp-content\/uploads\/2024\/02\/Mannschaftsfoto-3.-Damen-768x768.jpg 768w, https:\/\/vsg-duengen.de\/wp-content\/uploads\/2024\/02\/Mannschaftsfoto-3.-Damen-500x500.jpg 500w, https:\/\/vsg-duengen.de\/wp-content\/uploads\/2024\/02\/Mannschaftsfoto-3.-Damen-400x400.jpg 400w, https:\/\/vsg-duengen.de\/wp-content\/uploads\/2024\/02\/Mannschaftsfoto-3.-Damen.jpg 1536w, https:\/\/vsg-duengen.de\/wp-content\/uploads\/2024\/02\/Mannschaftsfoto-3.-Damen-54x54.jpg 54w\" sizes=\"(max-width: 720px) 100vw, 720px\" \/><\/a><\/p>\n<p><strong>Trainingszeit:<\/strong><\/p>\n<p>Montag 18.00 &#8211; 20.00 Uhr &#8211; Birkenweghalle Bad Salzdetfurth<\/p>\n<p>Freitag 19.30 &#8211; 21.30 Uhr &#8211;\u00a0 Turnhalle Gro\u00df D\u00fcngen<\/p>\n<p><strong>Zus\u00e4tzliche Trainingseinheiten (Beach und Halle) nach Absprache!<\/strong><\/p>\n<p><strong>Kontakt:<\/strong> Vanessa Persson (Trainerin)<\/p>\n<p><strong>Mail:<\/strong> vanessapersson@mail.de<\/p>\n<p><strong>Tel.:<\/strong> 0176-62289133<\/p>\n<p>[table id=16 \/]<\/p>\n","protected":false},"excerpt":{"rendered":"<p>Trainingszeit: Montag 18.00 &#8211; 20.00 Uhr &#8211; Birkenweghalle Bad Salzdetfurth Freitag 19.30 &#8211; 21.30 Uhr &#8211;\u00a0 Turnhalle Gro\u00df D\u00fcngen Zus\u00e4tzliche Trainingseinheiten (Beach und Halle) nach Absprache! Kontakt: Vanessa Persson (Trainerin) Mail: vanessapersson@mail.de Tel.: 0176-62289133 [table id=16 \/]<\/p>\n","protected":false},"author":1,"featured_media":0,"parent":0,"menu_order":0,"comment_status":"closed","ping_status":"closed","template":"","meta":{"footnotes":""},"class_list":["post-208","page","type-page","status-publish","hentry"],"_links":{"self":[{"href":"https:\/\/vsg-duengen.de\/index.php?rest_route=\/wp\/v2\/pages\/208"}],"collection":[{"href":"https:\/\/vsg-duengen.de\/index.php?rest_route=\/wp\/v2\/pages"}],"about":[{"href":"https:\/\/vsg-duengen.de\/index.php?rest_route=\/wp\/v2\/types\/page"}],"author":[{"embeddable":true,"href":"https:\/\/vsg-duengen.de\/index.php?rest_route=\/wp\/v2\/users\/1"}],"replies":[{"embeddable":true,"href":"https:\/\/vsg-duengen.de\/index.php?rest_route=%2Fwp%2Fv2%2Fcomments&post=208"}],"version-history":[{"count":42,"href":"https:\/\/vsg-duengen.de\/index.php?rest_route=\/wp\/v2\/pages\/208\/revisions"}],"predecessor-version":[{"id":3098,"href":"https:\/\/vsg-duengen.de\/index.php?rest_route=\/wp\/v2\/pages\/208\/revisions\/3098"}],"wp:attachment":[{"href":"https:\/\/vsg-duengen.de\/index.php?rest_route=%2Fwp%2Fv2%2Fmedia&parent=208"}],"curies":[{"name":"wp","href":"https:\/\/api.w.org\/{rel}","templated":true}]}}