{"id":260,"date":"2014-10-06T15:30:45","date_gmt":"2014-10-06T13:30:45","guid":{"rendered":"http:\/\/vsg-duengen.de\/?page_id=260"},"modified":"2022-11-11T14:11:02","modified_gmt":"2022-11-11T13:11:02","slug":"jugend","status":"publish","type":"page","link":"https:\/\/vsg-duengen.de\/?page_id=260","title":{"rendered":"Jugend"},"content":{"rendered":"<hr \/>\n<p>Aktuelle Zeiten:<\/p>\n<p><strong>VSG-MINIs:<\/strong><\/p>\n<p><strong>Trainingszeit:\u00a0<\/strong>Freitag 17.00 \u2013 18.00 Uhr \u2013 Turnhalle Gro\u00df D\u00fcngen<a href=\"https:\/\/vsg-duengen.de\/wp-content\/uploads\/2015\/09\/IMG_2709.jpg\"><img loading=\"lazy\" decoding=\"async\" class=\"wp-image-1433 alignright\" src=\"https:\/\/vsg-duengen.de\/wp-content\/uploads\/2015\/09\/IMG_2709-768x1024.jpg\" alt=\"IMG_2709\" width=\"192\" height=\"256\" srcset=\"https:\/\/vsg-duengen.de\/wp-content\/uploads\/2015\/09\/IMG_2709-768x1024.jpg 768w, https:\/\/vsg-duengen.de\/wp-content\/uploads\/2015\/09\/IMG_2709-225x300.jpg 225w, https:\/\/vsg-duengen.de\/wp-content\/uploads\/2015\/09\/IMG_2709-576x768.jpg 576w, https:\/\/vsg-duengen.de\/wp-content\/uploads\/2015\/09\/IMG_2709.jpg 960w\" sizes=\"(max-width: 192px) 100vw, 192px\" \/><\/a><\/p>\n<p>f\u00fcr\u00a0<strong>Jungs &amp; M\u00e4dchen<\/strong>\u00a0ab ca.\u00a0<strong>6 Jahre.<\/strong><\/p>\n<p><strong>Kontakt:<\/strong>\u00a0Stephan Heim (Trainer)<\/p>\n<hr \/>\n<hr \/>\n<p><strong>VSG-MIDIs:<\/strong><\/p>\n<p><strong>Trainingszeit:\u00a0<\/strong>Samstag 10.30 \u2013 11.30 Uhr \u2013 Turnhalle Gro\u00df D\u00fcngen<\/p>\n<p>f\u00fcr\u00a0<strong>Jungs &amp; M\u00e4dchen<\/strong>\u00a0ab ca.<\/p>\n<p><strong>Kontakt:<\/strong>\u00a0Oliver Hillebrand (Trainer)<\/p>\n<p><strong>Mail:<\/strong>\u00a0oliverhillebrand@gmx.net<\/p>\n<p><strong>Tel.:<\/strong>\u00a00178-8329098<\/p>\n<hr \/>\n<hr \/>\n<p><strong>VSG-MAXIs:<\/strong><\/p>\n<p><strong>Trainingszeiten:<\/strong><\/p>\n<p>Freitag 18.00 \u2013 19.30 Uhr \u2013 Turnhalle Gro\u00df D\u00fcngen<\/p>\n<p>f\u00fcr\u00a0<strong>Jungs &amp; M\u00e4dchen<\/strong>\u00a0ab ca.\u00a0<strong>10 Jahre.<\/strong><\/p>\n<p><strong>Kontakt:<\/strong>\u00a0Vanessa Persson (Trainerin)<\/p>\n<p><strong>Mail:<\/strong>\u00a0vanessapersson@mail.de<\/p>\n<p><strong>Tel.:<\/strong>\u00a00176-62289133<\/p>\n<h3><a href=\"https:\/\/vsg-duengen.de\/wp-content\/uploads\/2014\/10\/11181246_479084992259780_6208609469673376752_o.jpg\"><img loading=\"lazy\" decoding=\"async\" class=\"wp-image-1626 alignright\" src=\"https:\/\/vsg-duengen.de\/wp-content\/uploads\/2014\/10\/11181246_479084992259780_6208609469673376752_o-1024x577.jpg\" alt=\"11181246_479084992259780_6208609469673376752_o\" width=\"323\" height=\"182\" srcset=\"https:\/\/vsg-duengen.de\/wp-content\/uploads\/2014\/10\/11181246_479084992259780_6208609469673376752_o-1024x577.jpg 1024w, https:\/\/vsg-duengen.de\/wp-content\/uploads\/2014\/10\/11181246_479084992259780_6208609469673376752_o-300x169.jpg 300w, https:\/\/vsg-duengen.de\/wp-content\/uploads\/2014\/10\/11181246_479084992259780_6208609469673376752_o-768x432.jpg 768w, https:\/\/vsg-duengen.de\/wp-content\/uploads\/2014\/10\/11181246_479084992259780_6208609469673376752_o.jpg 2048w\" sizes=\"(max-width: 323px) 100vw, 323px\" \/><\/a><\/h3>\n<hr \/>\n<hr \/>\n<p><strong>VSG-TEENs:<\/strong><\/p>\n<p><strong>Trainingszeit:\u00a0<\/strong>Donnerstag 17:00 \u2013 18:30 Uhr \u2013 Turnhalle Gro\u00df D\u00fcngen<\/p>\n<p>f\u00fcr\u00a0<strong>Jungs &amp; M\u00e4dchen<\/strong>\u00a0ab 12 Jahre.<\/p>\n<p><strong>Kontakt:\u00a0<\/strong>Paul Liegmann<\/p>\n<p>Mail: paulliegmann@web.de<\/p>\n<p>Tel.: 0162-6930142<\/p>\n<h3><\/h3>\n<h3><\/h3>\n<p><strong>\u00a0<\/strong><\/p>\n<h3><\/h3>\n<h3><\/h3>\n<h3><\/h3>\n<h3><span style=\"text-decoration: underline;\"><strong>Volleyball-AG <\/strong><\/span>(derzeit keine AG)<strong><br \/>\n<\/strong><\/h3>\n<h3>(Kooperation mit <a title=\"GS Gro\u00df D\u00fcngen\" href=\"http:\/\/www.joseph-mueller-schule.de\/\" target=\"_blank\" rel=\"noopener\">Joseph-M\u00fcller-Grundschule Gro\u00df D\u00fcngen<\/a>)<\/h3>\n<h3><\/h3>\n<p><span id=\"sample-permalink\" tabindex=\"-1\">\u00a0<\/span><\/p>\n","protected":false},"excerpt":{"rendered":"<p>Aktuelle Zeiten: VSG-MINIs: Trainingszeit:\u00a0Freitag 17.00 \u2013 18.00 Uhr \u2013 Turnhalle Gro\u00df D\u00fcngen f\u00fcr\u00a0Jungs &amp; M\u00e4dchen\u00a0ab ca.\u00a06 Jahre. Kontakt:\u00a0Stephan Heim (Trainer) VSG-MIDIs: Trainingszeit:\u00a0Samstag 10.30 \u2013 11.30 Uhr \u2013 Turnhalle Gro\u00df D\u00fcngen f\u00fcr\u00a0Jungs &amp; M\u00e4dchen\u00a0ab ca. Kontakt:\u00a0Oliver Hillebrand (Trainer) Mail:\u00a0oliverhillebrand@gmx.net Tel.:\u00a00178-8329098 VSG-MAXIs: Trainingszeiten: Freitag 18.00 \u2013 19.30 Uhr \u2013 Turnhalle Gro\u00df D\u00fcngen f\u00fcr\u00a0Jungs &amp; M\u00e4dchen\u00a0ab ca.\u00a010 Jahre. [&hellip;]<\/p>\n","protected":false},"author":1,"featured_media":0,"parent":0,"menu_order":0,"comment_status":"closed","ping_status":"closed","template":"","meta":{"footnotes":""},"class_list":["post-260","page","type-page","status-publish","hentry"],"_links":{"self":[{"href":"https:\/\/vsg-duengen.de\/index.php?rest_route=\/wp\/v2\/pages\/260"}],"collection":[{"href":"https:\/\/vsg-duengen.de\/index.php?rest_route=\/wp\/v2\/pages"}],"about":[{"href":"https:\/\/vsg-duengen.de\/index.php?rest_route=\/wp\/v2\/types\/page"}],"author":[{"embeddable":true,"href":"https:\/\/vsg-duengen.de\/index.php?rest_route=\/wp\/v2\/users\/1"}],"replies":[{"embeddable":true,"href":"https:\/\/vsg-duengen.de\/index.php?rest_route=%2Fwp%2Fv2%2Fcomments&post=260"}],"version-history":[{"count":23,"href":"https:\/\/vsg-duengen.de\/index.php?rest_route=\/wp\/v2\/pages\/260\/revisions"}],"predecessor-version":[{"id":3044,"href":"https:\/\/vsg-duengen.de\/index.php?rest_route=\/wp\/v2\/pages\/260\/revisions\/3044"}],"wp:attachment":[{"href":"https:\/\/vsg-duengen.de\/index.php?rest_route=%2Fwp%2Fv2%2Fmedia&parent=260"}],"curies":[{"name":"wp","href":"https:\/\/api.w.org\/{rel}","templated":true}]}}