{"id":265,"date":"2014-10-06T15:48:23","date_gmt":"2014-10-06T13:48:23","guid":{"rendered":"http:\/\/vsg-duengen.de\/?page_id=265"},"modified":"2022-11-11T13:23:50","modified_gmt":"2022-11-11T12:23:50","slug":"beach","status":"publish","type":"page","link":"https:\/\/vsg-duengen.de\/?page_id=265","title":{"rendered":"Beach"},"content":{"rendered":"<p><strong>Beach-Volleyballfeld<\/strong><br \/>\nHildesheimerstr. (Clubhaus) \/ Vor dem Kirschberg<br \/>\n31162 Bad Salzdetfurth<\/p>\n<p><strong>Kontakt<\/strong>: Vanessa Persson<\/p>\n<p><strong>Tel.:<\/strong> 0176 62289133<\/p>\n<p><strong>Mail<\/strong>: vanessapersson@mail.de<\/p>\n<hr \/>\n<p><a href=\"https:\/\/vsg-duengen.de\/wp-content\/uploads\/2014\/10\/1998_EinweihungBeach_60JahreSVGD.jpg\"><img loading=\"lazy\" decoding=\"async\" class=\"size-medium wp-image-588 alignleft\" src=\"https:\/\/vsg-duengen.de\/wp-content\/uploads\/2014\/10\/1998_EinweihungBeach_60JahreSVGD-300x202.jpg\" alt=\"Er\u00f6ffung Beach-Feld 1998\" width=\"300\" height=\"202\" srcset=\"https:\/\/vsg-duengen.de\/wp-content\/uploads\/2014\/10\/1998_EinweihungBeach_60JahreSVGD-300x202.jpg 300w, https:\/\/vsg-duengen.de\/wp-content\/uploads\/2014\/10\/1998_EinweihungBeach_60JahreSVGD-1024x691.jpg 1024w, https:\/\/vsg-duengen.de\/wp-content\/uploads\/2014\/10\/1998_EinweihungBeach_60JahreSVGD-320x216.jpg 320w, https:\/\/vsg-duengen.de\/wp-content\/uploads\/2014\/10\/1998_EinweihungBeach_60JahreSVGD-128x86.jpg 128w, https:\/\/vsg-duengen.de\/wp-content\/uploads\/2014\/10\/1998_EinweihungBeach_60JahreSVGD-32x21.jpg 32w, https:\/\/vsg-duengen.de\/wp-content\/uploads\/2014\/10\/1998_EinweihungBeach_60JahreSVGD.jpg 1165w\" sizes=\"(max-width: 300px) 100vw, 300px\" \/><\/a><\/p>\n<p style=\"text-align: left;\">Ehem. Vorsitzender des SV Gro\u00df D\u00fcngen <strong>Otto Gundelach<\/strong> und ehem. Ortsb\u00fcrgermeisterin <strong>Lieselotte Bogun<\/strong> bei der <strong>Er\u00f6ffnung des Beach-Volleyballfeldes<\/strong> im Jahre 1998.<\/p>\n<p style=\"text-align: center;\"><strong>\u00a0<\/strong><\/p>\n","protected":false},"excerpt":{"rendered":"<p>Beach-Volleyballfeld Hildesheimerstr. (Clubhaus) \/ Vor dem Kirschberg 31162 Bad Salzdetfurth Kontakt: Vanessa Persson Tel.: 0176 62289133 Mail: vanessapersson@mail.de Ehem. Vorsitzender des SV Gro\u00df D\u00fcngen Otto Gundelach und ehem. Ortsb\u00fcrgermeisterin Lieselotte Bogun bei der Er\u00f6ffnung des Beach-Volleyballfeldes im Jahre 1998. \u00a0<\/p>\n","protected":false},"author":1,"featured_media":1098,"parent":0,"menu_order":0,"comment_status":"closed","ping_status":"closed","template":"","meta":{"footnotes":""},"class_list":["post-265","page","type-page","status-publish","has-post-thumbnail","hentry"],"_links":{"self":[{"href":"https:\/\/vsg-duengen.de\/index.php?rest_route=\/wp\/v2\/pages\/265"}],"collection":[{"href":"https:\/\/vsg-duengen.de\/index.php?rest_route=\/wp\/v2\/pages"}],"about":[{"href":"https:\/\/vsg-duengen.de\/index.php?rest_route=\/wp\/v2\/types\/page"}],"author":[{"embeddable":true,"href":"https:\/\/vsg-duengen.de\/index.php?rest_route=\/wp\/v2\/users\/1"}],"replies":[{"embeddable":true,"href":"https:\/\/vsg-duengen.de\/index.php?rest_route=%2Fwp%2Fv2%2Fcomments&post=265"}],"version-history":[{"count":10,"href":"https:\/\/vsg-duengen.de\/index.php?rest_route=\/wp\/v2\/pages\/265\/revisions"}],"predecessor-version":[{"id":3022,"href":"https:\/\/vsg-duengen.de\/index.php?rest_route=\/wp\/v2\/pages\/265\/revisions\/3022"}],"wp:featuredmedia":[{"embeddable":true,"href":"https:\/\/vsg-duengen.de\/index.php?rest_route=\/wp\/v2\/media\/1098"}],"wp:attachment":[{"href":"https:\/\/vsg-duengen.de\/index.php?rest_route=%2Fwp%2Fv2%2Fmedia&parent=265"}],"curies":[{"name":"wp","href":"https:\/\/api.w.org\/{rel}","templated":true}]}}