{"id":381,"date":"2014-10-08T21:55:09","date_gmt":"2014-10-08T19:55:09","guid":{"rendered":"http:\/\/vsg-duengen.de\/?page_id=381"},"modified":"2024-09-08T22:41:41","modified_gmt":"2024-09-08T20:41:41","slug":"2-herren-2","status":"publish","type":"page","link":"https:\/\/vsg-duengen.de\/?page_id=381","title":{"rendered":"2. Herren &#8211; Bezirksklasse"},"content":{"rendered":"\n<p><strong>Trainingszeit:<\/strong><\/p>\n\n\n\n<p>Dienstag 17.30 &#8211; 19.00 Uhr &#8211; Sporthalle Gro\u00df D\u00fcngen<\/p>\n\n\n\n<p>Donnerstag 18.30 &#8211; 20.00 Uhr &#8211; Sporthalle Gro\u00df D\u00fcngen<\/p>\n\n\n\n<p><strong>Kontakt:<\/strong> Paul Liegmann (Trainer)<\/p>\n\n\n\n<p><strong>Tel.:<\/strong> 0162-6 93 01 42<\/p>\n","protected":false},"excerpt":{"rendered":"<p>Trainingszeit: Dienstag 17.30 &#8211; 19.00 Uhr &#8211; Sporthalle Gro\u00df D\u00fcngen Donnerstag 18.30 &#8211; 20.00 Uhr &#8211; Sporthalle Gro\u00df D\u00fcngen Kontakt: Paul Liegmann (Trainer) Tel.: 0162-6 93 01 42<\/p>\n","protected":false},"author":1,"featured_media":0,"parent":0,"menu_order":0,"comment_status":"closed","ping_status":"closed","template":"","meta":{"footnotes":""},"class_list":["post-381","page","type-page","status-publish","hentry"],"_links":{"self":[{"href":"https:\/\/vsg-duengen.de\/index.php?rest_route=\/wp\/v2\/pages\/381"}],"collection":[{"href":"https:\/\/vsg-duengen.de\/index.php?rest_route=\/wp\/v2\/pages"}],"about":[{"href":"https:\/\/vsg-duengen.de\/index.php?rest_route=\/wp\/v2\/types\/page"}],"author":[{"embeddable":true,"href":"https:\/\/vsg-duengen.de\/index.php?rest_route=\/wp\/v2\/users\/1"}],"replies":[{"embeddable":true,"href":"https:\/\/vsg-duengen.de\/index.php?rest_route=%2Fwp%2Fv2%2Fcomments&post=381"}],"version-history":[{"count":4,"href":"https:\/\/vsg-duengen.de\/index.php?rest_route=\/wp\/v2\/pages\/381\/revisions"}],"predecessor-version":[{"id":3116,"href":"https:\/\/vsg-duengen.de\/index.php?rest_route=\/wp\/v2\/pages\/381\/revisions\/3116"}],"wp:attachment":[{"href":"https:\/\/vsg-duengen.de\/index.php?rest_route=%2Fwp%2Fv2%2Fmedia&parent=381"}],"curies":[{"name":"wp","href":"https:\/\/api.w.org\/{rel}","templated":true}]}}